{"id":20291,"date":"2021-11-16T14:17:02","date_gmt":"2021-11-16T13:17:02","guid":{"rendered":"https:\/\/conceptualfurniture.com\/merci-pour-votre-message\/"},"modified":"2021-11-29T11:43:05","modified_gmt":"2021-11-29T10:43:05","slug":"merci-pour-votre-message","status":"publish","type":"page","link":"https:\/\/conceptualfurniture.com\/fr\/merci-pour-votre-message\/","title":{"rendered":"Merci pour votre message"},"content":{"rendered":"<div class=\"wpb-content-wrapper\"><p>[vc_row][vc_column][vc_empty_space][vc_column_text]<\/p>\n<h4 style=\"text-align: center;\">Votre message a \u00e9t\u00e9 envoy\u00e9. Nous r\u00e9pondrons rapidement.<\/h4>\n<p>[\/vc_column_text][vc_empty_space][\/vc_column][\/vc_row]<\/p>\n<\/div>","protected":false},"excerpt":{"rendered":"<p>[vc_row][vc_column][vc_empty_space][vc_column_text] Votre message a \u00e9t\u00e9 envoy\u00e9. Nous r\u00e9pondrons rapidement. [\/vc_column_text][vc_empty_space][\/vc_column][\/vc_row]<\/p>\n","protected":false},"author":4,"featured_media":0,"parent":0,"menu_order":0,"comment_status":"closed","ping_status":"closed","template":"","meta":{"footnotes":""},"class_list":["post-20291","page","type-page","status-publish","hentry","description-off"],"yoast_head":"<!-- This site is optimized with the Yoast SEO plugin v27.0 - https:\/\/yoast.com\/product\/yoast-seo-wordpress\/ -->\n<title>Conceptual - Merci pour votre message - Furniture that can adapt.<\/title>\n<meta name=\"description\" content=\"The mission of Conceptual is to develop furniture that helps people to connect and to communicate. See our whole collection online.\" \/>\n<meta name=\"robots\" content=\"index, follow, max-snippet:-1, max-image-preview:large, max-video-preview:-1\" \/>\n<link rel=\"canonical\" href=\"https:\/\/conceptualfurniture.com\/fr\/merci-pour-votre-message\/\" \/>\n<meta property=\"og:locale\" content=\"fr_FR\" \/>\n<meta property=\"og:type\" content=\"article\" \/>\n<meta property=\"og:title\" content=\"Conceptual - Merci pour votre message - Furniture that can adapt.\" \/>\n<meta property=\"og:description\" content=\"The mission of Conceptual is to develop furniture that helps people to connect and to communicate. See our whole collection online.\" \/>\n<meta property=\"og:url\" content=\"https:\/\/conceptualfurniture.com\/fr\/merci-pour-votre-message\/\" \/>\n<meta property=\"og:site_name\" content=\"Conceptual\" \/>\n<meta property=\"article:modified_time\" content=\"2021-11-29T10:43:05+00:00\" \/>\n<meta name=\"twitter:card\" content=\"summary_large_image\" \/>\n<script type=\"application\/ld+json\" class=\"yoast-schema-graph\">{\"@context\":\"https:\/\/schema.org\",\"@graph\":[{\"@type\":\"WebPage\",\"@id\":\"https:\/\/conceptualfurniture.com\/fr\/merci-pour-votre-message\/\",\"url\":\"https:\/\/conceptualfurniture.com\/fr\/merci-pour-votre-message\/\",\"name\":\"Conceptual - Merci pour votre message - Furniture that can adapt.\",\"isPartOf\":{\"@id\":\"https:\/\/conceptualfurniture.com\/fr\/#website\"},\"datePublished\":\"2021-11-16T13:17:02+00:00\",\"dateModified\":\"2021-11-29T10:43:05+00:00\",\"description\":\"The mission of Conceptual is to develop furniture that helps people to connect and to communicate. See our whole collection online.\",\"breadcrumb\":{\"@id\":\"https:\/\/conceptualfurniture.com\/fr\/merci-pour-votre-message\/#breadcrumb\"},\"inLanguage\":\"fr-FR\",\"potentialAction\":[{\"@type\":\"ReadAction\",\"target\":[\"https:\/\/conceptualfurniture.com\/fr\/merci-pour-votre-message\/\"]}]},{\"@type\":\"BreadcrumbList\",\"@id\":\"https:\/\/conceptualfurniture.com\/fr\/merci-pour-votre-message\/#breadcrumb\",\"itemListElement\":[{\"@type\":\"ListItem\",\"position\":1,\"name\":\"Home\",\"item\":\"https:\/\/conceptualfurniture.com\/fr\/\"},{\"@type\":\"ListItem\",\"position\":2,\"name\":\"Merci pour votre message\"}]},{\"@type\":\"WebSite\",\"@id\":\"https:\/\/conceptualfurniture.com\/fr\/#website\",\"url\":\"https:\/\/conceptualfurniture.com\/fr\/\",\"name\":\"Conceptual\",\"description\":\"Furniture Design\",\"publisher\":{\"@id\":\"https:\/\/conceptualfurniture.com\/fr\/#organization\"},\"potentialAction\":[{\"@type\":\"SearchAction\",\"target\":{\"@type\":\"EntryPoint\",\"urlTemplate\":\"https:\/\/conceptualfurniture.com\/fr\/?s={search_term_string}\"},\"query-input\":{\"@type\":\"PropertyValueSpecification\",\"valueRequired\":true,\"valueName\":\"search_term_string\"}}],\"inLanguage\":\"fr-FR\"},{\"@type\":\"Organization\",\"@id\":\"https:\/\/conceptualfurniture.com\/fr\/#organization\",\"name\":\"Conceptual Furniture\",\"url\":\"https:\/\/conceptualfurniture.com\/fr\/\",\"logo\":{\"@type\":\"ImageObject\",\"inLanguage\":\"fr-FR\",\"@id\":\"https:\/\/conceptualfurniture.com\/fr\/#\/schema\/logo\/image\/\",\"url\":\"https:\/\/conceptualfurniture.com\/wp-content\/uploads\/2021\/03\/logo-72-05.png\",\"contentUrl\":\"https:\/\/conceptualfurniture.com\/wp-content\/uploads\/2021\/03\/logo-72-05.png\",\"width\":138,\"height\":32,\"caption\":\"Conceptual Furniture\"},\"image\":{\"@id\":\"https:\/\/conceptualfurniture.com\/fr\/#\/schema\/logo\/image\/\"},\"sameAs\":[\"https:\/\/www.instagram.com\/conceptualfurnituredesign\/\"]}]}<\/script>\n<!-- \/ Yoast SEO plugin. -->","yoast_head_json":{"title":"Conceptual - Merci pour votre message - Furniture that can adapt.","description":"The mission of Conceptual is to develop furniture that helps people to connect and to communicate. See our whole collection online.","robots":{"index":"index","follow":"follow","max-snippet":"max-snippet:-1","max-image-preview":"max-image-preview:large","max-video-preview":"max-video-preview:-1"},"canonical":"https:\/\/conceptualfurniture.com\/fr\/merci-pour-votre-message\/","og_locale":"fr_FR","og_type":"article","og_title":"Conceptual - Merci pour votre message - Furniture that can adapt.","og_description":"The mission of Conceptual is to develop furniture that helps people to connect and to communicate. See our whole collection online.","og_url":"https:\/\/conceptualfurniture.com\/fr\/merci-pour-votre-message\/","og_site_name":"Conceptual","article_modified_time":"2021-11-29T10:43:05+00:00","twitter_card":"summary_large_image","schema":{"@context":"https:\/\/schema.org","@graph":[{"@type":"WebPage","@id":"https:\/\/conceptualfurniture.com\/fr\/merci-pour-votre-message\/","url":"https:\/\/conceptualfurniture.com\/fr\/merci-pour-votre-message\/","name":"Conceptual - Merci pour votre message - Furniture that can adapt.","isPartOf":{"@id":"https:\/\/conceptualfurniture.com\/fr\/#website"},"datePublished":"2021-11-16T13:17:02+00:00","dateModified":"2021-11-29T10:43:05+00:00","description":"The mission of Conceptual is to develop furniture that helps people to connect and to communicate. See our whole collection online.","breadcrumb":{"@id":"https:\/\/conceptualfurniture.com\/fr\/merci-pour-votre-message\/#breadcrumb"},"inLanguage":"fr-FR","potentialAction":[{"@type":"ReadAction","target":["https:\/\/conceptualfurniture.com\/fr\/merci-pour-votre-message\/"]}]},{"@type":"BreadcrumbList","@id":"https:\/\/conceptualfurniture.com\/fr\/merci-pour-votre-message\/#breadcrumb","itemListElement":[{"@type":"ListItem","position":1,"name":"Home","item":"https:\/\/conceptualfurniture.com\/fr\/"},{"@type":"ListItem","position":2,"name":"Merci pour votre message"}]},{"@type":"WebSite","@id":"https:\/\/conceptualfurniture.com\/fr\/#website","url":"https:\/\/conceptualfurniture.com\/fr\/","name":"Conceptual","description":"Furniture Design","publisher":{"@id":"https:\/\/conceptualfurniture.com\/fr\/#organization"},"potentialAction":[{"@type":"SearchAction","target":{"@type":"EntryPoint","urlTemplate":"https:\/\/conceptualfurniture.com\/fr\/?s={search_term_string}"},"query-input":{"@type":"PropertyValueSpecification","valueRequired":true,"valueName":"search_term_string"}}],"inLanguage":"fr-FR"},{"@type":"Organization","@id":"https:\/\/conceptualfurniture.com\/fr\/#organization","name":"Conceptual Furniture","url":"https:\/\/conceptualfurniture.com\/fr\/","logo":{"@type":"ImageObject","inLanguage":"fr-FR","@id":"https:\/\/conceptualfurniture.com\/fr\/#\/schema\/logo\/image\/","url":"https:\/\/conceptualfurniture.com\/wp-content\/uploads\/2021\/03\/logo-72-05.png","contentUrl":"https:\/\/conceptualfurniture.com\/wp-content\/uploads\/2021\/03\/logo-72-05.png","width":138,"height":32,"caption":"Conceptual Furniture"},"image":{"@id":"https:\/\/conceptualfurniture.com\/fr\/#\/schema\/logo\/image\/"},"sameAs":["https:\/\/www.instagram.com\/conceptualfurnituredesign\/"]}]}},"_links":{"self":[{"href":"https:\/\/conceptualfurniture.com\/fr\/wp-json\/wp\/v2\/pages\/20291","targetHints":{"allow":["GET"]}}],"collection":[{"href":"https:\/\/conceptualfurniture.com\/fr\/wp-json\/wp\/v2\/pages"}],"about":[{"href":"https:\/\/conceptualfurniture.com\/fr\/wp-json\/wp\/v2\/types\/page"}],"author":[{"embeddable":true,"href":"https:\/\/conceptualfurniture.com\/fr\/wp-json\/wp\/v2\/users\/4"}],"replies":[{"embeddable":true,"href":"https:\/\/conceptualfurniture.com\/fr\/wp-json\/wp\/v2\/comments?post=20291"}],"version-history":[{"count":11,"href":"https:\/\/conceptualfurniture.com\/fr\/wp-json\/wp\/v2\/pages\/20291\/revisions"}],"predecessor-version":[{"id":20524,"href":"https:\/\/conceptualfurniture.com\/fr\/wp-json\/wp\/v2\/pages\/20291\/revisions\/20524"}],"wp:attachment":[{"href":"https:\/\/conceptualfurniture.com\/fr\/wp-json\/wp\/v2\/media?parent=20291"}],"curies":[{"name":"wp","href":"https:\/\/api.w.org\/{rel}","templated":true}]}}