{"id":21531,"date":"2022-12-22T11:06:31","date_gmt":"2022-12-22T10:06:31","guid":{"rendered":"https:\/\/conceptualfurniture.com\/politique-de-confidentialite\/"},"modified":"2023-03-02T10:28:48","modified_gmt":"2023-03-02T09:28:48","slug":"politique-de-confidentialite","status":"publish","type":"page","link":"https:\/\/conceptualfurniture.com\/fr\/politique-de-confidentialite\/","title":{"rendered":"Politique de confidentialit\u00e9"},"content":{"rendered":"<div class=\"wpb-content-wrapper\"><p>[vc_row][vc_column]<div id=\"ultimate-heading-779069e1eb09579b7\" class=\"uvc-heading ult-adjust-bottom-margin ultimate-heading-779069e1eb09579b7 uvc-4095  uvc-heading-default-font-sizes\" data-hspacer=\"no_spacer\"  data-halign=\"left\" style=\"text-align:left\"><div class=\"uvc-heading-spacer no_spacer\" style=\"top\"><\/div><div class=\"uvc-main-heading ult-responsive\"  data-ultimate-target='.uvc-heading.ultimate-heading-779069e1eb09579b7 h2'  data-responsive-json-new='{\"font-size\":\"\",\"line-height\":\"\"}' ><h2 style=\"--font-weight:theme;\">Politique de confidentialit\u00e9<\/h2><\/div><div class=\"uvc-sub-heading ult-responsive\"  data-ultimate-target='.uvc-heading.ultimate-heading-779069e1eb09579b7 .uvc-sub-heading '  data-responsive-json-new='{\"font-size\":\"\",\"line-height\":\"\"}'  style=\"font-weight:normal;\"><a href=\"https:\/\/www.conceptualfurniture.com\">www.conceptualfurniture.com<\/a> est une initiative et la propri\u00e9t\u00e9 de Conceptual Furniture Design B.V.<\/p>\n<p>Conceptual Furniture Design B.V.\u00a0 (ci-apr\u00e8s : \u00ab Conceptual \u00bb, \u00ab nous \u00bb, \u00ab nos \u00bb) est domicili\u00e9e \u00e0 l&rsquo;adresse suivante: Spoorlaan 436, 5038 CH, Tilburg,\u00a0Les Pays Bas et est inscrite au registre de la Chambre du Commerce sous le num\u00e9ro: 67508359. Vous pouvez adresser vos questions \u00e0 <a href=\"mailto:info@conceptualfurniture.com\">info@conceptualfurniture.com<\/a><\/p>\n<p>Nous sommes conscients que vous nous accordez votre confiance. Il est donc de notre responsabilit\u00e9 de prot\u00e9ger votre vie priv\u00e9e. Cette politique de confidentialit\u00e9 s\u2019applique aux produits et services Conceptual. Sachez que Conceptual n\u2019est pas responsable de la politique de confidentialit\u00e9 d\u2019autres sites et sources.<\/p>\n<p>En utilisant ce site internet, vous reconnaissez accepter notre politique de confidentialit\u00e9. Conceptual respecte la vie priv\u00e9e de tous les utilisateurs de son site et garantit que les donn\u00e9es personnelles que vous nous communiquez seront trait\u00e9es de mani\u00e8re confidentielle.<\/p>\n<p>En visitant notre site internet ou en tant que client Conceptual, vous partagez des donn\u00e9es personnelles diverses avec nous. N\u2019ayez aucune inqui\u00e9tude \u00e0 ce sujet. Vous pouvez compter sur nous pour traiter vos donn\u00e9es personnelles avec la plus grande attention.<\/p>\n<p>Nous utilisons vos donn\u00e9es personnelles pour vous apporter les meilleurs conseils concernant nos produits et services et faciliter le fonctionnement de la vente de ces produits et services. Conceptual traite les donn\u00e9es \u00e0 caract\u00e8re personnel, notamment en collectant, stockant, changeant, r\u00e9cup\u00e9rant, utilisant et fournissant des donn\u00e9es personnelles au moyen de la transmission ou de la destruction de donn\u00e9es.<\/p>\n<p>Conceptual conserve vos donn\u00e9es personnelles le temps n\u00e9cessaire pour vous apporter nos services, dans la limite de temps autoris\u00e9e par la loi. Les donn\u00e9es personnelles qui ne sont plus n\u00e9cessaires seront d\u00e9truites dans les plus brefs d\u00e9lais.<\/p>\n<p>Nous utilisons \u00e9galement vos donn\u00e9es personnelles afin d\u2019analyser et d\u2019am\u00e9liorer nos services ou, par exemple, vous contacter s\u2019il y a une modification concernant l\u2019une de vos commandes ou un d\u00e9lai de livraison. Vous pouvez \u00e9galement \u00eatre invit\u00e9 \u00e0 r\u00e9pondre \u00e0 un sondage de satisfaction client (en ligne).<\/p>\n<p>Conceptual utilise \u00e9galement vos donn\u00e9es personnelles \u2013 dans la mesure permise par la loi \u2013\u00a0 pour vous informer sur les produits et\/ou services susceptibles de vous int\u00e9resser. Nous pouvons \u00e9galement vous transmettre des informations g\u00e9n\u00e9rales sur Conceptual que nous pensons pertinentes pour vous.<\/p>\n<p>Vous pouvez nous faire part \u00e0 tout moment de votre souhait de ne plus recevoir d\u2019informations commerciales. Vous pouvez nous informer en envoyant un e-mail \u00e0 <a href=\"mailto:info@conceptualfurniture.com\">info@conceptualfurniture.com<\/a><\/p>\n<p>Vous avez une r\u00e9clamation concernant l\u2019utilisation de vos donn\u00e9es personnelles par Conceptual ou vous avez des questions veuillez les adresser \u00e0 <a href=\"mailto:info@conceptualfurniture.com\">info@conceptualfurniture.com<\/a>.<\/div><\/div>[\/vc_column][\/vc_row]<\/p>\n<\/div>","protected":false},"excerpt":{"rendered":"<p>[vc_row][vc_column][\/vc_column][\/vc_row]<\/p>\n","protected":false},"author":4,"featured_media":0,"parent":0,"menu_order":0,"comment_status":"closed","ping_status":"closed","template":"","meta":{"footnotes":""},"class_list":["post-21531","page","type-page","status-publish","hentry","description-off"],"yoast_head":"<!-- This site is optimized with the Yoast SEO plugin v27.0 - https:\/\/yoast.com\/product\/yoast-seo-wordpress\/ -->\n<title>Conceptual - Politique de confidentialit\u00e9 - Furniture that can adapt.<\/title>\n<meta name=\"description\" content=\"The mission of Conceptual is to develop furniture that helps people to connect and to communicate. See our whole collection online.\" \/>\n<meta name=\"robots\" content=\"index, follow, max-snippet:-1, max-image-preview:large, max-video-preview:-1\" \/>\n<link rel=\"canonical\" href=\"https:\/\/conceptualfurniture.com\/fr\/politique-de-confidentialite\/\" \/>\n<meta property=\"og:locale\" content=\"fr_FR\" \/>\n<meta property=\"og:type\" content=\"article\" \/>\n<meta property=\"og:title\" content=\"Conceptual - Politique de confidentialit\u00e9 - Furniture that can adapt.\" \/>\n<meta property=\"og:description\" content=\"The mission of Conceptual is to develop furniture that helps people to connect and to communicate. See our whole collection online.\" \/>\n<meta property=\"og:url\" content=\"https:\/\/conceptualfurniture.com\/fr\/politique-de-confidentialite\/\" \/>\n<meta property=\"og:site_name\" content=\"Conceptual\" \/>\n<meta property=\"article:modified_time\" content=\"2023-03-02T09:28:48+00:00\" \/>\n<meta name=\"twitter:card\" content=\"summary_large_image\" \/>\n<meta name=\"twitter:label1\" content=\"Dur\u00e9e de lecture estim\u00e9e\" \/>\n\t<meta name=\"twitter:data1\" content=\"2 minutes\" \/>\n<script type=\"application\/ld+json\" class=\"yoast-schema-graph\">{\"@context\":\"https:\/\/schema.org\",\"@graph\":[{\"@type\":\"WebPage\",\"@id\":\"https:\/\/conceptualfurniture.com\/fr\/politique-de-confidentialite\/\",\"url\":\"https:\/\/conceptualfurniture.com\/fr\/politique-de-confidentialite\/\",\"name\":\"Conceptual - Politique de confidentialit\u00e9 - Furniture that can adapt.\",\"isPartOf\":{\"@id\":\"https:\/\/conceptualfurniture.com\/fr\/#website\"},\"datePublished\":\"2022-12-22T10:06:31+00:00\",\"dateModified\":\"2023-03-02T09:28:48+00:00\",\"description\":\"The mission of Conceptual is to develop furniture that helps people to connect and to communicate. See our whole collection online.\",\"breadcrumb\":{\"@id\":\"https:\/\/conceptualfurniture.com\/fr\/politique-de-confidentialite\/#breadcrumb\"},\"inLanguage\":\"fr-FR\",\"potentialAction\":[{\"@type\":\"ReadAction\",\"target\":[\"https:\/\/conceptualfurniture.com\/fr\/politique-de-confidentialite\/\"]}]},{\"@type\":\"BreadcrumbList\",\"@id\":\"https:\/\/conceptualfurniture.com\/fr\/politique-de-confidentialite\/#breadcrumb\",\"itemListElement\":[{\"@type\":\"ListItem\",\"position\":1,\"name\":\"Home\",\"item\":\"https:\/\/conceptualfurniture.com\/fr\/\"},{\"@type\":\"ListItem\",\"position\":2,\"name\":\"Politique de confidentialit\u00e9\"}]},{\"@type\":\"WebSite\",\"@id\":\"https:\/\/conceptualfurniture.com\/fr\/#website\",\"url\":\"https:\/\/conceptualfurniture.com\/fr\/\",\"name\":\"Conceptual\",\"description\":\"Furniture Design\",\"publisher\":{\"@id\":\"https:\/\/conceptualfurniture.com\/fr\/#organization\"},\"potentialAction\":[{\"@type\":\"SearchAction\",\"target\":{\"@type\":\"EntryPoint\",\"urlTemplate\":\"https:\/\/conceptualfurniture.com\/fr\/?s={search_term_string}\"},\"query-input\":{\"@type\":\"PropertyValueSpecification\",\"valueRequired\":true,\"valueName\":\"search_term_string\"}}],\"inLanguage\":\"fr-FR\"},{\"@type\":\"Organization\",\"@id\":\"https:\/\/conceptualfurniture.com\/fr\/#organization\",\"name\":\"Conceptual Furniture\",\"url\":\"https:\/\/conceptualfurniture.com\/fr\/\",\"logo\":{\"@type\":\"ImageObject\",\"inLanguage\":\"fr-FR\",\"@id\":\"https:\/\/conceptualfurniture.com\/fr\/#\/schema\/logo\/image\/\",\"url\":\"https:\/\/conceptualfurniture.com\/wp-content\/uploads\/2021\/03\/logo-72-05.png\",\"contentUrl\":\"https:\/\/conceptualfurniture.com\/wp-content\/uploads\/2021\/03\/logo-72-05.png\",\"width\":138,\"height\":32,\"caption\":\"Conceptual Furniture\"},\"image\":{\"@id\":\"https:\/\/conceptualfurniture.com\/fr\/#\/schema\/logo\/image\/\"},\"sameAs\":[\"https:\/\/www.instagram.com\/conceptualfurnituredesign\/\"]}]}<\/script>\n<!-- \/ Yoast SEO plugin. -->","yoast_head_json":{"title":"Conceptual - Politique de confidentialit\u00e9 - Furniture that can adapt.","description":"The mission of Conceptual is to develop furniture that helps people to connect and to communicate. See our whole collection online.","robots":{"index":"index","follow":"follow","max-snippet":"max-snippet:-1","max-image-preview":"max-image-preview:large","max-video-preview":"max-video-preview:-1"},"canonical":"https:\/\/conceptualfurniture.com\/fr\/politique-de-confidentialite\/","og_locale":"fr_FR","og_type":"article","og_title":"Conceptual - Politique de confidentialit\u00e9 - Furniture that can adapt.","og_description":"The mission of Conceptual is to develop furniture that helps people to connect and to communicate. See our whole collection online.","og_url":"https:\/\/conceptualfurniture.com\/fr\/politique-de-confidentialite\/","og_site_name":"Conceptual","article_modified_time":"2023-03-02T09:28:48+00:00","twitter_card":"summary_large_image","twitter_misc":{"Dur\u00e9e de lecture estim\u00e9e":"2 minutes"},"schema":{"@context":"https:\/\/schema.org","@graph":[{"@type":"WebPage","@id":"https:\/\/conceptualfurniture.com\/fr\/politique-de-confidentialite\/","url":"https:\/\/conceptualfurniture.com\/fr\/politique-de-confidentialite\/","name":"Conceptual - Politique de confidentialit\u00e9 - Furniture that can adapt.","isPartOf":{"@id":"https:\/\/conceptualfurniture.com\/fr\/#website"},"datePublished":"2022-12-22T10:06:31+00:00","dateModified":"2023-03-02T09:28:48+00:00","description":"The mission of Conceptual is to develop furniture that helps people to connect and to communicate. See our whole collection online.","breadcrumb":{"@id":"https:\/\/conceptualfurniture.com\/fr\/politique-de-confidentialite\/#breadcrumb"},"inLanguage":"fr-FR","potentialAction":[{"@type":"ReadAction","target":["https:\/\/conceptualfurniture.com\/fr\/politique-de-confidentialite\/"]}]},{"@type":"BreadcrumbList","@id":"https:\/\/conceptualfurniture.com\/fr\/politique-de-confidentialite\/#breadcrumb","itemListElement":[{"@type":"ListItem","position":1,"name":"Home","item":"https:\/\/conceptualfurniture.com\/fr\/"},{"@type":"ListItem","position":2,"name":"Politique de confidentialit\u00e9"}]},{"@type":"WebSite","@id":"https:\/\/conceptualfurniture.com\/fr\/#website","url":"https:\/\/conceptualfurniture.com\/fr\/","name":"Conceptual","description":"Furniture Design","publisher":{"@id":"https:\/\/conceptualfurniture.com\/fr\/#organization"},"potentialAction":[{"@type":"SearchAction","target":{"@type":"EntryPoint","urlTemplate":"https:\/\/conceptualfurniture.com\/fr\/?s={search_term_string}"},"query-input":{"@type":"PropertyValueSpecification","valueRequired":true,"valueName":"search_term_string"}}],"inLanguage":"fr-FR"},{"@type":"Organization","@id":"https:\/\/conceptualfurniture.com\/fr\/#organization","name":"Conceptual Furniture","url":"https:\/\/conceptualfurniture.com\/fr\/","logo":{"@type":"ImageObject","inLanguage":"fr-FR","@id":"https:\/\/conceptualfurniture.com\/fr\/#\/schema\/logo\/image\/","url":"https:\/\/conceptualfurniture.com\/wp-content\/uploads\/2021\/03\/logo-72-05.png","contentUrl":"https:\/\/conceptualfurniture.com\/wp-content\/uploads\/2021\/03\/logo-72-05.png","width":138,"height":32,"caption":"Conceptual Furniture"},"image":{"@id":"https:\/\/conceptualfurniture.com\/fr\/#\/schema\/logo\/image\/"},"sameAs":["https:\/\/www.instagram.com\/conceptualfurnituredesign\/"]}]}},"_links":{"self":[{"href":"https:\/\/conceptualfurniture.com\/fr\/wp-json\/wp\/v2\/pages\/21531","targetHints":{"allow":["GET"]}}],"collection":[{"href":"https:\/\/conceptualfurniture.com\/fr\/wp-json\/wp\/v2\/pages"}],"about":[{"href":"https:\/\/conceptualfurniture.com\/fr\/wp-json\/wp\/v2\/types\/page"}],"author":[{"embeddable":true,"href":"https:\/\/conceptualfurniture.com\/fr\/wp-json\/wp\/v2\/users\/4"}],"replies":[{"embeddable":true,"href":"https:\/\/conceptualfurniture.com\/fr\/wp-json\/wp\/v2\/comments?post=21531"}],"version-history":[{"count":3,"href":"https:\/\/conceptualfurniture.com\/fr\/wp-json\/wp\/v2\/pages\/21531\/revisions"}],"predecessor-version":[{"id":21542,"href":"https:\/\/conceptualfurniture.com\/fr\/wp-json\/wp\/v2\/pages\/21531\/revisions\/21542"}],"wp:attachment":[{"href":"https:\/\/conceptualfurniture.com\/fr\/wp-json\/wp\/v2\/media?parent=21531"}],"curies":[{"name":"wp","href":"https:\/\/api.w.org\/{rel}","templated":true}]}}